{"id":263,"date":"2017-02-14T20:13:15","date_gmt":"2017-02-14T20:13:15","guid":{"rendered":"http:\/\/www.sgm.gub.uy\/geoportal\/\/?page_id=263"},"modified":"2025-09-03T10:25:52","modified_gmt":"2025-09-03T13:25:52","slug":"metadatos","status":"publish","type":"page","link":"https:\/\/igm.gub.uy\/geoportal\/metadatos\/","title":{"rendered":"Metadatos"},"content":{"rendered":"[mk_page_section bg_color=\u00bb#82970d\u00bb bg_repeat=\u00bbno-repeat\u00bb bg_stretch=\u00bbtrue\u00bb video_loop=\u00bbfalse\u00bb video_color_mask=\u00bb#ffffff\u00bb video_opacity=\u00bb0&#8243; min_height=\u00bb70&#8243; padding_top=\u00bb0&#8243; padding_bottom=\u00bb0&#8243; top_shape_color=\u00bb#ffffff\u00bb top_shape_bg_color=\u00bb#ffffff\u00bb has_bottom_shape_divider=\u00bbtrue\u00bb bottom_shape_style=\u00bbspeech-bottom\u00bb bottom_shape_color=\u00bb#ffffff\u00bb bottom_shape_bg_color=\u00bb#82970d\u00bb sidebar=\u00bbsidebar-1&#8243;][vc_column width=\u00bb2\/12&#8243;][\/vc_column][vc_column width=\u00bb8\/12&#8243;][\/vc_column][vc_column width=\u00bb2\/12&#8243;][\/vc_column][\/mk_page_section][mk_page_section bg_position=\u00bbcenter top\u00bb bg_repeat=\u00bbno-repeat\u00bb bg_stretch=\u00bbtrue\u00bb video_color_mask=\u00bb#ffffff\u00bb min_height=\u00bb280&#8243; padding_top=\u00bb0&#8243; padding_bottom=\u00bb0&#8243; top_shape_color=\u00bb#ffffff\u00bb has_bottom_shape_divider=\u00bbtrue\u00bb bottom_shape_style=\u00bbspeech-bottom\u00bb bottom_shape_color=\u00bb#ffffff\u00bb sidebar=\u00bbsidebar-1&#8243;][vc_column][mk_padding_divider][vc_column_text]\n<h2>Metadatos<\/h2>\n[\/vc_column_text][vc_separator color=\u00bbcustom\u00bb border_width=\u00bb2&#8243; accent_color=\u00bb#82970d\u00bb][vc_column_text]\n<p>Se tiene acceso a los metadatos de datos y servicios del IGM, donde se incluye tambi\u00e9n la informaci\u00f3n bibliogr\u00e1fica de Mapoteca.<\/p>\n<p>Los Metadatos  (\u201cdatos de los datos\u201d), informan a los usuarios las caracter\u00edsticas de los datos, lo que \u201crepresentan\u201d y \u201ccomo lo representa\u201d para llevar a la utilizaci\u00f3n correcta de los datos geogr\u00e1ficos.<br \/>\nLa informaci\u00f3n incluida en los metadatos describe: la fecha de los datos, el contenido, la extensi\u00f3n que cubren, el sistema de referencia espacial, el modelo de representaci\u00f3n espacial de los datos, su distribuci\u00f3n, restricciones de seguridad y legales, frecuencia de actualizaci\u00f3n, calidad, etc.<\/p>\n<p>Los Metadatos tienen como finalidad:<\/p>\n<ul>\n<li>Permitir al usuario identificar que informaci\u00f3n existe sobre un producto geogr\u00e1fico.<\/li>\n<li>Brindar la informaci\u00f3n necesaria para determinar si el conjunto de datos se ajusta a sus necesidades.<\/li>\n<li>Dar datos acerca del acceso, ubicaci\u00f3n, tama\u00f1o, precio, restricciones de uso y forma de poder adquirir los datos.<\/li>\n<li>Proporcionar la informaci\u00f3n necesaria para la recuperaci\u00f3n, reutilizaci\u00f3n e interpretaci\u00f3n de los datos.<\/li>\n<li>Inventariar e intercambiar datos actualizados.<\/li>\n<li>Evitar la duplicaci\u00f3n de datos.<\/li>\n<li>Reducir los costos de captura de datos espaciales.<\/li>\n<li>Facilitar la comprensi\u00f3n y uso potencial de los datos.<\/li>\n<li>Apoyar la toma de decisiones para la elaboraci\u00f3n de proyectos.<\/li>\n<\/ul>\n<p>Acceder al Geonetwork: <a href=\"https:\/\/metadatos.igm.gub.uy\/geonetwork\" target=\"_blank\" rel=\"noopener\">https:\/\/metadatos.igm.gub.uy\/geonetwork<\/a><\/p>\n[\/vc_column_text][mk_padding_divider size=\u00bb5&#8243;][\/vc_column][\/mk_page_section]\n","protected":false},"excerpt":{"rendered":"<p>[mk_page_section bg_color=\u00bb#82970d\u00bb bg_repeat=\u00bbno-repeat\u00bb bg_stretch=\u00bbtrue\u00bb video_loop=\u00bbfalse\u00bb video_color_mask=\u00bb#ffffff\u00bb video_opacity=\u00bb0&#8243; min_height=\u00bb70&#8243; padding_top=\u00bb0&#8243; padding_bottom=\u00bb0&#8243; top_shape_color=\u00bb#ffffff\u00bb top_shape_bg_color=\u00bb#ffffff\u00bb has_bottom_shape_divider=\u00bbtrue\u00bb bottom_shape_style=\u00bbspeech-bottom\u00bb bottom_shape_color=\u00bb#ffffff\u00bb bottom_shape_bg_color=\u00bb#82970d\u00bb sidebar=\u00bbsidebar-1&#8243;][vc_column width=\u00bb2\/12&#8243;][\/vc_column][vc_column width=\u00bb8\/12&#8243;][\/vc_column][vc_column width=\u00bb2\/12&#8243;][\/vc_column][\/mk_page_section][mk_page_section bg_position=\u00bbcenter top\u00bb bg_repeat=\u00bbno-repeat\u00bb bg_stretch=\u00bbtrue\u00bb video_color_mask=\u00bb#ffffff\u00bb min_height=\u00bb280&#8243; padding_top=\u00bb0&#8243; padding_bottom=\u00bb0&#8243; top_shape_color=\u00bb#ffffff\u00bb has_bottom_shape_divider=\u00bbtrue\u00bb bottom_shape_style=\u00bbspeech-bottom\u00bb bottom_shape_color=\u00bb#ffffff\u00bb sidebar=\u00bbsidebar-1&#8243;][vc_column][mk_padding_divider][vc_column_text] Metadatos [\/vc_column_text][vc_separator color=\u00bbcustom\u00bb border_width=\u00bb2&#8243; accent_color=\u00bb#82970d\u00bb][vc_column_text] Se tiene acceso a los metadatos de datos y servicios del IGM, donde se incluye tambi\u00e9n la [&hellip;]<\/p>\n","protected":false},"author":1,"featured_media":0,"parent":0,"menu_order":0,"comment_status":"closed","ping_status":"closed","template":"","meta":{"footnotes":""},"class_list":["post-263","page","type-page","status-publish","hentry"],"_links":{"self":[{"href":"https:\/\/igm.gub.uy\/geoportal\/wp-json\/wp\/v2\/pages\/263","targetHints":{"allow":["GET"]}}],"collection":[{"href":"https:\/\/igm.gub.uy\/geoportal\/wp-json\/wp\/v2\/pages"}],"about":[{"href":"https:\/\/igm.gub.uy\/geoportal\/wp-json\/wp\/v2\/types\/page"}],"author":[{"embeddable":true,"href":"https:\/\/igm.gub.uy\/geoportal\/wp-json\/wp\/v2\/users\/1"}],"replies":[{"embeddable":true,"href":"https:\/\/igm.gub.uy\/geoportal\/wp-json\/wp\/v2\/comments?post=263"}],"version-history":[{"count":15,"href":"https:\/\/igm.gub.uy\/geoportal\/wp-json\/wp\/v2\/pages\/263\/revisions"}],"predecessor-version":[{"id":2295,"href":"https:\/\/igm.gub.uy\/geoportal\/wp-json\/wp\/v2\/pages\/263\/revisions\/2295"}],"wp:attachment":[{"href":"https:\/\/igm.gub.uy\/geoportal\/wp-json\/wp\/v2\/media?parent=263"}],"curies":[{"name":"wp","href":"https:\/\/api.w.org\/{rel}","templated":true}]}}