{"id":287,"date":"2017-02-14T20:58:55","date_gmt":"2017-02-14T20:58:55","guid":{"rendered":"http:\/\/www.sgm.gub.uy\/geoportal\/\/?page_id=287"},"modified":"2023-05-05T08:15:02","modified_gmt":"2023-05-05T11:15:02","slug":"links-interes","status":"publish","type":"page","link":"https:\/\/igm.gub.uy\/geoportal\/links-interes\/","title":{"rendered":"Links de inter\u00e9s"},"content":{"rendered":"[vc_row fullwidth=\u00bbtrue\u00bb css=\u00bb.vc_custom_1481900062355{padding-top: 0px !important;padding-right: 0px !important;padding-bottom: 0px !important;padding-left: 0px !important;}\u00bb][vc_column][\/vc_column][\/vc_row]\n[vc_row][vc_column][vc_column_text]\n<h2 style=\"display: block;font-size: 1.5em;margin-top: 0.83em;margin-bottom: 0.83em;margin-left: 0;margin-right: 0;font-weight: bold;\">Enlaces externos<\/h2>\n[\/vc_column_text][\/vc_column][\/vc_row]\n[vc_row][vc_column][mk_table el_class=\u00bbenlaces-externos\u00bb]\n<table width=\"100%\">\n<tbody>\n<tr>\n<td style=\"background-color:white; text-align:center;\"><img loading=\"lazy\" decoding=\"async\" class=\" wp-image-9159=\" \"=\"\" aligncenter\"=\"\" src=\"..\/wp-content\/uploads\/2022\/04\/ejecito-nacional.png\" alt=\"\" width=\"80\" height=\"80\"><\/td>\n<td style=\"background-color:white; text-align:left;\"><a style=\"font-size:150%;text-align:center; margin-bottom: 10em;\" href=\"https:\/\/www.ejercito.mil.uy\/\" target=\"_blank\" rel=\"noopener noreferrer\">Ej\u00e9rcito Nacional<\/a><\/td>\n<\/tr>\n<tr>\n<td style=\"background-color:white; text-align:center;\"><img loading=\"lazy\" decoding=\"async\" class=\"size-full wp-image-204 aligncenter\" src=\"..\/wp-content\/uploads\/2022\/04\/instituto_antartico.jpg\" alt=\"instituto_antartico\" width=\"91\" height=\"79\"><\/td>\n<td style=\"background-color:white; text-align:left;\"><a style=\"font-size:150%;text-align:center; margin-bottom: 10em;\" href=\"http:\/\/www.iau.gub.uy\/\" target=\"_blank\" rel=\"noopener noreferrer\">Instituto Art\u00e1ntico Uruguayo<\/a><\/td>\n<\/tr>\n<tr>\n<td style=\"background-color:white; text-align:center;\"><img loading=\"lazy\" decoding=\"async\" class=\"size-full wp-image-206 aligncenter\" src=\"..\/wp-content\/uploads\/2022\/04\/servicio_oceanografico.jpg\" alt=\"servicio_oceanografico\" width=\"91\" height=\"85\"><\/td>\n<td style=\"background-color:white; text-align:left;\"><a style=\"font-size:150%;text-align:center; margin-bottom: 10em;\" href=\"http:\/\/www.armada.mil.uy\/\" target=\"_blank\" rel=\"nofollow noopener noreferrer\">Servicio de Oceanograf\u00eda, Hidrograf\u00eda y Meteorolog\u00eda de la armada<\/a><\/td>\n<\/tr>\n<tr>\n<td style=\"background-color:white; text-align:center;\"><img loading=\"lazy\" decoding=\"async\" class=\"size-full wp-image-206 aligncenter\" src=\"..\/wp-content\/uploads\/2022\/04\/sensores_remotos.png\" alt=\"Servicio_Sensores_Remotos\" width=\"70\" height=\"70\"><\/td>\n<td style=\"background-color:white; text-align:left;\"><a style=\"font-size:150%;text-align:center; margin-bottom: 10em;\" href=\"https:\/\/sensores.fau.mil.uy\" target=\"_blank\" rel=\"nofollow noopener noreferrer\">Servicio de Sensores Remotos Aeroespaciales FAU<\/a><\/td>\n<\/tr>\n<tr>\n<td style=\"background-color:white; text-align:center;\"><img loading=\"lazy\" decoding=\"async\" class=\"wp-image-681  aligncenter\" src=\"..\/wp-content\/uploads\/2022\/04\/ipgh-150x150-1.png\" alt=\"\" width=\"59\" height=\"59\"><\/td>\n<td style=\"background-color:white; text-align:left;\"><a style=\"font-size:150%;text-align:center; margin-bottom: 10em;\" href=\"http:\/\/www.ipgh.org.uy\/\" target=\"_blank\" rel=\"nofollow noopener noreferrer\">Instituto Panamericano de Geograf\u00eda e Historia<\/a><\/td>\n<\/tr>\n<tr>\n<td style=\"background-color:white; text-align:center;\"><img loading=\"lazy\" decoding=\"async\" class=\"size-full wp-image-208 aligncenter\" src=\"..\/wp-content\/uploads\/2022\/04\/sociedad_internacional_fotometria.jpg\" alt=\"sociedad_internacional_fotometria\" width=\"91\" height=\"79\"><\/td>\n<td style=\"background-color:white; text-align:left;\"><a style=\"font-size:150%;text-align:center; margin-bottom: 10em;\" href=\"http:\/\/www.isprs.org\/\" target=\"_blank\" rel=\"nofollow noopener noreferrer\">International Society for Photogrammetry and Remote Sensing<\/a><\/td>\n<\/tr>\n<tr>\n<td style=\"background-color:white; text-align:center;\">&nbsp;<img loading=\"lazy\" decoding=\"async\" class=\"size-full wp-image-208 aligncenter\" src=\"..\/wp-content\/uploads\/2022\/04\/asociacion_internacional_geod.jpg\" alt=\"asociacion_internacional_geod\" width=\"91\" height=\"79\"><\/td>\n<td style=\"background-color:white; text-align:left;\"><a style=\"font-size:150%;text-align:center; margin-bottom: 10em;\" href=\"http:\/\/www.iag-aig.org\/\" target=\"_blank\" rel=\"nofollow noopener noreferrer\">Internation Association of Geodesy<\/a><\/td>\n<\/tr>\n<tr>\n<td style=\"background-color:white; text-align:center;\">&nbsp;<img loading=\"lazy\" decoding=\"async\" class=\"size-full wp-image-209 aligncenter\" src=\"..\/wp-content\/uploads\/2022\/04\/asociacion_internacional_geod.jpg\" alt=\"asociacion_internacional_geod\" width=\"91\" height=\"79\"><\/td>\n<td style=\"background-color:white; text-align:left;\"><a style=\"font-size:150%;text-align:center; margin-bottom: 10em;\" href=\"http:\/\/www.iugg.org\/\" target=\"_blank\" rel=\"nofollow noopener noreferrer\">Internation Union of Geodesy and Geophysic<\/a><\/td>\n<\/tr>\n<tr>\n<td style=\"background-color:white; text-align:center;\">&nbsp;<img loading=\"lazy\" decoding=\"async\" class=\"size-full wp-image-210 aligncenter\" src=\"..\/wp-content\/uploads\/2022\/04\/ibge.jpg\" alt=\"ibge\" width=\"117\" height=\"79\"><\/td>\n<td style=\"background-color:white; text-align:left;\">&nbsp;<a style=\"font-size:150%;text-align:center; margin-bottom: 10em;\" href=\"http:\/\/www.ibge.gov.br\/home\/\" target=\"_blank\" rel=\"nofollow noopener noreferrer\">Instituto Brasileiro de Geograf\u00eda e Estad\u00edstica<\/a><\/td>\n<\/tr>\n<tr>\n<td style=\"background-color:white; text-align:center;\"><img loading=\"lazy\" decoding=\"async\" class=\"size-full wp-image-211 aligncenter\" src=\"..\/wp-content\/uploads\/2022\/04\/sgm_argentina.jpg\" alt=\"sgm_argentina\" width=\"120\" height=\"79\"><\/td>\n<td style=\"background-color:white; text-align:left;\">&nbsp;<a style=\"font-size:150%;text-align:center; margin-bottom: 10em;\" href=\"http:\/\/www.ign.gob.ar\/\" target=\"_blank\" rel=\"nofollow noopener noreferrer\">Instituto Geogr\u00e1fico Militar Argentina<\/a><\/td>\n<\/tr>\n<tr>\n<td style=\"background-color:white; text-align:center;\">&nbsp;<img loading=\"lazy\" decoding=\"async\" class=\"size-full wp-image-212 aligncenter\" src=\"..\/wp-content\/uploads\/2022\/04\/igm_chile.jpg\" alt=\"igm_chile\" width=\"215\" height=\"79\"><\/td>\n<td style=\"background-color:white; text-align:left;\">&nbsp;<a style=\"font-size:150%;text-align:center; margin-bottom: 10em;\" href=\"https:\/\/www.igm.cl\/\" target=\"_blank\" rel=\"nofollow noopener noreferrer\">Instituto Geogr\u00e1fico Militar Chile<\/a><\/td>\n<\/tr>\n<tr>\n<td style=\"background-color:white; text-align:center;\">&nbsp;<img loading=\"lazy\" decoding=\"async\" class=\"size-full wp-image-213 aligncenter\" src=\"..\/wp-content\/uploads\/2022\/04\/instituto_geografico_colombia.jpg\" alt=\"instituto_geografico_colombia\" width=\"91\" height=\"79\"><\/td>\n<td style=\"background-color:white; text-align:left;\">&nbsp;<a style=\"font-size:150%;text-align:center; margin-bottom: 10em;\" href=\"http:\/\/www.igac.gov.co\/es\" target=\"_blank\" rel=\"nofollow noopener noreferrer\">Instituto Geogr\u00e1fico Agust\u00edn Codazzi (Colombia)<\/a><\/td>\n<\/tr>\n<tr>\n<td style=\"background-color:white; text-align:center;\"><img loading=\"lazy\" decoding=\"async\" class=\"wp-image-9200  aligncenter\" src=\"..\/wp-content\/uploads\/2022\/04\/snitlogo.png\" alt=\"\" width=\"68\" height=\"47\"><\/td>\n<td style=\"background-color:white; text-align:left;\">&nbsp;<a style=\"font-size:150%;text-align:center; margin-bottom: 10em;\" href=\"https:\/\/www.snitcr.go.cr\/ign_ign\" target=\"_blank\" rel=\"nofollow noopener noreferrer\">Instituto Geogr\u00e1fico Nacional (Costa Rica)<\/a><\/td>\n<\/tr>\n<tr>\n<td style=\"background-color:white; text-align:center;\">&nbsp;<img loading=\"lazy\" decoding=\"async\" class=\"wp-image-679 size-full aligncenter\" src=\"..\/wp-content\/uploads\/2022\/04\/logoide.jpg\" alt=\"\" width=\"200\" height=\"200\"><\/td>\n<td style=\"background-color:white; text-align:left;\">&nbsp;<a style=\"font-size:150%;text-align:center; margin-bottom: 10em;\" href=\"https:\/\/visualizador.ide.uy\/ideuy\/\" target=\"_blank\" rel=\"nofollow noopener noreferrer\">Infraestructura de datos espaciales<\/a><\/td>\n<\/tr>\n<tr>\n<td style=\"background-color:white; text-align:center;\">&nbsp;<img loading=\"lazy\" decoding=\"async\" class=\"wp-image-686 size-full aligncenter\" src=\"..\/wp-content\/uploads\/2022\/04\/cp-idea.png\" alt=\"\" width=\"200\" height=\"200\"><\/td>\n<td style=\"background-color:WHITE; text-align:left;\">&nbsp;<a style=\"font-size:150%;\" href=\"http:\/\/www.un-ggim-americas.org\/\">UN-GGIM Am\u00e9ricas<\/a><\/td>\n<\/tr>\n<\/tbody>\n<\/table>\n[\/mk_table][\/vc_column][\/vc_row]\n","protected":false},"excerpt":{"rendered":"<p>[vc_row fullwidth=\u00bbtrue\u00bb css=\u00bb.vc_custom_1481900062355{padding-top: 0px !important;padding-right: 0px !important;padding-bottom: 0px !important;padding-left: 0px !important;}\u00bb][vc_column][\/vc_column][\/vc_row] [vc_row][vc_column][vc_column_text] Enlaces externos [\/vc_column_text][\/vc_column][\/vc_row] [vc_row][vc_column][mk_table el_class=\u00bbenlaces-externos\u00bb] Ej\u00e9rcito Nacional Instituto Art\u00e1ntico Uruguayo Servicio de Oceanograf\u00eda, Hidrograf\u00eda y Meteorolog\u00eda de la armada Servicio de Sensores Remotos Aeroespaciales FAU Instituto Panamericano de Geograf\u00eda e Historia International Society for Photogrammetry and Remote Sensing &nbsp; Internation Association of Geodesy [&hellip;]<\/p>\n","protected":false},"author":1,"featured_media":0,"parent":0,"menu_order":0,"comment_status":"closed","ping_status":"closed","template":"","meta":{"footnotes":""},"class_list":["post-287","page","type-page","status-publish","hentry"],"_links":{"self":[{"href":"https:\/\/igm.gub.uy\/geoportal\/wp-json\/wp\/v2\/pages\/287","targetHints":{"allow":["GET"]}}],"collection":[{"href":"https:\/\/igm.gub.uy\/geoportal\/wp-json\/wp\/v2\/pages"}],"about":[{"href":"https:\/\/igm.gub.uy\/geoportal\/wp-json\/wp\/v2\/types\/page"}],"author":[{"embeddable":true,"href":"https:\/\/igm.gub.uy\/geoportal\/wp-json\/wp\/v2\/users\/1"}],"replies":[{"embeddable":true,"href":"https:\/\/igm.gub.uy\/geoportal\/wp-json\/wp\/v2\/comments?post=287"}],"version-history":[{"count":75,"href":"https:\/\/igm.gub.uy\/geoportal\/wp-json\/wp\/v2\/pages\/287\/revisions"}],"predecessor-version":[{"id":2198,"href":"https:\/\/igm.gub.uy\/geoportal\/wp-json\/wp\/v2\/pages\/287\/revisions\/2198"}],"wp:attachment":[{"href":"https:\/\/igm.gub.uy\/geoportal\/wp-json\/wp\/v2\/media?parent=287"}],"curies":[{"name":"wp","href":"https:\/\/api.w.org\/{rel}","templated":true}]}}