{"id":301,"date":"2017-02-14T21:42:16","date_gmt":"2017-02-14T21:42:16","guid":{"rendered":"http:\/\/www.sgm.gub.uy\/geoportal\/\/?page_id=301"},"modified":"2026-04-10T11:21:03","modified_gmt":"2026-04-10T14:21:03","slug":"visualizador","status":"publish","type":"page","link":"https:\/\/igm.gub.uy\/geoportal\/visualizador\/","title":{"rendered":"Visualizador"},"content":{"rendered":"\r\n<div class=\"vce-row-container\" data-vce-boxed-width=\"true\">\r\n<div id=\"el-d34457d5\" class=\"vce-row vce-row--col-gap-30 vce-row-equal-height vce-row-content--top\" data-vce-do-apply=\"all el-d34457d5\">\r\n<div class=\"vce-row-content\" data-vce-element-content=\"true\">\r\n\r\n\r\n<div id=\"el-77dd8307\" class=\"vce-col vce-col--md-auto vce-col--xs-1 vce-col--xs-last vce-col--xs-first vce-col--sm-last vce-col--sm-first vce-col--md-last vce-col--lg-last vce-col--xl-last vce-col--md-first vce-col--lg-first vce-col--xl-first\">\r\n<div class=\"vce-col-inner\" data-vce-do-apply=\"border margin background el-77dd8307\">\r\n<div class=\"vce-col-content\" data-vce-element-content=\"true\" data-vce-do-apply=\"padding el-77dd8307\">\r\n\r\n\r\n<div class=\"vce-text-block\">\r\n<div id=\"el-21ec9778\" class=\"vce-text-block-wrapper vce\" data-vce-do-apply=\"all el-21ec9778\">\r\n\r\n[mk_page_section bg_color=\"#82970d\" bg_repeat=\"no-repeat\" bg_stretch=\"true\" video_loop=\"false\" video_color_mask=\"#ffffff\" video_opacity=\"0\" min_height=\"70\" padding_top=\"0\" padding_bottom=\"0\" top_shape_color=\"#ffffff\" top_shape_bg_color=\"#ffffff\" has_bottom_shape_divider=\"true\" bottom_shape_style=\"speech-bottom\" bottom_shape_color=\"#ffffff\" bottom_shape_bg_color=\"#82970d\" sidebar=\"sidebar-1\"][vc_column][\/vc_column][\/mk_page_section][mk_page_section sidebar=\"sidebar-1\"][vc_column][mk_padding_divider size=\"20\"][vc_column_text]\r\n<h2>Visualizador<\/h2>\r\n[\/vc_column_text][vc_separator color=\"custom\" border_width=\"2\" accent_color=\"#82970d\"][vc_column_text]Hoy en d\u00eda los cambios tecnol\u00f3gicos y dentro del contexto de la democratizaci\u00f3n de la Informaci\u00f3n Geogr\u00e1fica, el IGM pone a su disposici\u00f3n un visualizador de mapas, que permite mostrar datos geogr\u00e1ficos digitales organizados en capas, modificar escala de visualizaci\u00f3n, superponer capas de informaci\u00f3n, hacer consultas, ver metadatos, agregar puntos de inter\u00e9s, descargar el mapa realizado, etc\r\n\r\nSe incluyen servicios WMS propios y de otras instituciones.[\/vc_column_text][mk_padding_divider size=\"10\"][vc_column_text]<em>Hacer click sobre la imagen para abrir el visualizador<\/em>[\/vc_column_text][\/vc_column][\/mk_page_section][mk_page_section sidebar=\"sidebar-1\"][vc_column width=\"1\"]\r\n\r\n<a href=\"https:\/\/srvgis.igm.gub.uy\/portal\/apps\/experiencebuilder\/experience\/?id=cb3dfbf7dcf4480c9cde30ca39975599\"><img loading=\"lazy\" decoding=\"async\" class=\"aligncenter\" src=\"..\/..\/geoportal\/wp-content\/uploads\/2016\/01\/image1.jpg\" alt=\"\" width=\"572\" height=\"390\" \/><\/a>\r\n\r\n[\/vc_column]\r\n\r\n[\/mk_page_section][vc_row][vc_column el_class=\"links\"][mk_padding_divider size=\"20\"][vc_column_text]Acceder a : <a href=\"http:\/\/www.igm.gub.uy\/geoportal\/?mdocs-file=828&amp;mdocs-url=false\" target=\"_blank\" rel=\"noopener noreferrer\">Instructivo para picar punto deseado de coordenadas<\/a>\r\n\r\n[\/vc_column_text][vc_column_text]\r\n\r\nAcceder a : <a href=\"http:\/\/www.igm.gub.uy\/geoportal\/?mdocs-file=825&amp;mdocs-url=false\" target=\"_blank\" rel=\"noopener noreferrer\">Responsabilidad de ubicaci\u00f3n de antena<\/a>\r\n\r\n[\/vc_column_text][\/vc_column][\/vc_row]\r\n\r\n<\/div>\r\n<\/div>\r\n\r\n\r\n<\/div>\r\n<\/div>\r\n<\/div>\r\n\r\n\r\n<\/div>\r\n<\/div>\r\n<\/div>\r\n\n","protected":false},"excerpt":{"rendered":"<p>[mk_page_section bg_color=\u00bb#82970d\u00bb bg_repeat=\u00bbno-repeat\u00bb bg_stretch=\u00bbtrue\u00bb video_loop=\u00bbfalse\u00bb video_color_mask=\u00bb#ffffff\u00bb video_opacity=\u00bb0&#8243; min_height=\u00bb70&#8243; padding_top=\u00bb0&#8243; padding_bottom=\u00bb0&#8243; top_shape_color=\u00bb#ffffff\u00bb top_shape_bg_color=\u00bb#ffffff\u00bb has_bottom_shape_divider=\u00bbtrue\u00bb bottom_shape_style=\u00bbspeech-bottom\u00bb bottom_shape_color=\u00bb#ffffff\u00bb bottom_shape_bg_color=\u00bb#82970d\u00bb sidebar=\u00bbsidebar-1&#8243;][vc_column][\/vc_column][\/mk_page_section][mk_page_section sidebar=\u00bbsidebar-1&#8243;][vc_column][mk_padding_divider size=\u00bb20&#8243;][vc_column_text] Visualizador [\/vc_column_text][vc_separator color=\u00bbcustom\u00bb border_width=\u00bb2&#8243; accent_color=\u00bb#82970d\u00bb][vc_column_text]Hoy en d\u00eda los cambios tecnol\u00f3gicos y dentro del contexto de la democratizaci\u00f3n de la Informaci\u00f3n Geogr\u00e1fica, el IGM pone a su disposici\u00f3n un visualizador de mapas, que permite mostrar datos geogr\u00e1ficos [&hellip;]<\/p>\n","protected":false},"author":5,"featured_media":0,"parent":0,"menu_order":0,"comment_status":"closed","ping_status":"closed","template":"","meta":{"footnotes":""},"class_list":["post-301","page","type-page","status-publish","hentry"],"_links":{"self":[{"href":"https:\/\/igm.gub.uy\/geoportal\/wp-json\/wp\/v2\/pages\/301","targetHints":{"allow":["GET"]}}],"collection":[{"href":"https:\/\/igm.gub.uy\/geoportal\/wp-json\/wp\/v2\/pages"}],"about":[{"href":"https:\/\/igm.gub.uy\/geoportal\/wp-json\/wp\/v2\/types\/page"}],"author":[{"embeddable":true,"href":"https:\/\/igm.gub.uy\/geoportal\/wp-json\/wp\/v2\/users\/5"}],"replies":[{"embeddable":true,"href":"https:\/\/igm.gub.uy\/geoportal\/wp-json\/wp\/v2\/comments?post=301"}],"version-history":[{"count":63,"href":"https:\/\/igm.gub.uy\/geoportal\/wp-json\/wp\/v2\/pages\/301\/revisions"}],"predecessor-version":[{"id":2301,"href":"https:\/\/igm.gub.uy\/geoportal\/wp-json\/wp\/v2\/pages\/301\/revisions\/2301"}],"wp:attachment":[{"href":"https:\/\/igm.gub.uy\/geoportal\/wp-json\/wp\/v2\/media?parent=301"}],"curies":[{"name":"wp","href":"https:\/\/api.w.org\/{rel}","templated":true}]}}