{"id":386,"date":"2017-02-15T19:09:27","date_gmt":"2017-02-15T19:09:27","guid":{"rendered":"http:\/\/www.sgm.gub.uy\/geoportal\/\/?page_id=386"},"modified":"2023-05-03T11:28:49","modified_gmt":"2023-05-03T14:28:49","slug":"instructivos-2","status":"publish","type":"page","link":"https:\/\/igm.gub.uy\/geoportal\/instructivos-2\/","title":{"rendered":"Servicio Tiempo Real"},"content":{"rendered":"[mk_page_section bg_color=\u00bb#82970d\u00bb bg_repeat=\u00bbno-repeat\u00bb bg_stretch=\u00bbtrue\u00bb video_loop=\u00bbfalse\u00bb video_color_mask=\u00bb#ffffff\u00bb video_opacity=\u00bb0&#8243; min_height=\u00bb70&#8243; padding_top=\u00bb0&#8243; padding_bottom=\u00bb0&#8243; top_shape_color=\u00bb#ffffff\u00bb top_shape_bg_color=\u00bb#ffffff\u00bb has_bottom_shape_divider=\u00bbtrue\u00bb bottom_shape_style=\u00bbspeech-bottom\u00bb bottom_shape_color=\u00bb#ffffff\u00bb bottom_shape_bg_color=\u00bb#82970d\u00bb sidebar=\u00bbsidebar-1&#8243;][vc_column][\/vc_column][\/mk_page_section][mk_page_section sidebar=\u00bbsidebar-1&#8243;][vc_column][mk_padding_divider size=\u00bb20&#8243;][vc_column_text]\n<h2>Servicio Tiempo Real<\/h2>\n[\/vc_column_text][vc_separator color=\u00bbcustom\u00bb border_width=\u00bb2&#8243; accent_color=\u00bb#82970d\u00bb][vc_column_text]<strong>Para utilizar los servicios de la REGNA-ROU en tiempo real acceder mediante:<\/strong><\/p>\n<p>Direcci\u00f3n: rtk.igm.gub.uy<\/p>\n<p>Puerto: 2101<\/p>\n<p>Para hacer uso de este servicio, el usuario se debe registrar en el siguiente link:<\/p>\n<p><a target=\"_blank\" rel=\"noopener\" href=\"https:\/\/rtk.igm.gub.uy\/sbc\">https:\/\/rtk.igm.gub.uy\/sbc\/<\/a><\/p>\n<p>Para esto se encuentra a disposici\u00f3n el manual de creaci\u00f3n de usuario RTK (Clic Aqu\u00ed) <\/p>\n[\/vc_column_text][vc_separator color=\u00bbcustom\u00bb border_width=\u00bb2&#8243; accent_color=\u00bb#82970d\u00bb][vc_column_text]Para acceder a este servicio, debe considerar 2 cosas:<\/p>\n<p><strong>a. Equipo Necesario<\/strong>:<br \/>\n&#8211; Receptor GNSS con tarjeta SIM incorporada.<br \/>\n&#8211; Receptor GNSS enlazado por Bluetooth a un tel\u00e9fono m\u00f3vil con conexi\u00f3n a Internet.<br \/>\n&#8211; Receptor GNSS conectado a una PC port\u00e1til a trav\u00e9s de puerto USB, con enlace a Internet a trav\u00e9s de m\u00f3dem 3G.<\/p>\n<p><strong>b. Configuraci\u00f3n<\/strong>:<br \/>\nConfigurar la direcci\u00f3n de IP y puerto del Servidor C\u00e1ster NTRIP de la REGNA-ROU: rtk.igm.gub.uy Puerto:2101<br \/>\nUna vez capturada la lista de MOUNTPOINT existentes y luego de seleccionar el m\u00e1s adecuado acorde a las necesidades y posibilidades del Receptor GNSS, autom\u00e1ticamente se comienza a recibir las correcciones Diferenciales en Tiempo Real para las posiciones determinadas.<\/p>\n<p><em>La soluci\u00f3n obtenida puede ser de dos tipos <\/em>:<br \/>\n1. Soluci\u00f3n diferencial punto a punto, es decir que determinada Estaci\u00f3n GNSS Permanente de las veintiseis existentes, le brinda la correcci\u00f3n al usuario directamente luego de ser escogida por el mismo.<br \/>\n2. Soluci\u00f3n diferencial de red, ya sea VPN o VRS, FKP, IMAX, MAX, etc.[\/vc_column_text][mk_padding_divider size=\u00bb10&#8243;][\/vc_column][\/mk_page_section]\n","protected":false},"excerpt":{"rendered":"<p>[mk_page_section bg_color=\u00bb#82970d\u00bb bg_repeat=\u00bbno-repeat\u00bb bg_stretch=\u00bbtrue\u00bb video_loop=\u00bbfalse\u00bb video_color_mask=\u00bb#ffffff\u00bb video_opacity=\u00bb0&#8243; min_height=\u00bb70&#8243; padding_top=\u00bb0&#8243; padding_bottom=\u00bb0&#8243; top_shape_color=\u00bb#ffffff\u00bb top_shape_bg_color=\u00bb#ffffff\u00bb has_bottom_shape_divider=\u00bbtrue\u00bb bottom_shape_style=\u00bbspeech-bottom\u00bb bottom_shape_color=\u00bb#ffffff\u00bb bottom_shape_bg_color=\u00bb#82970d\u00bb sidebar=\u00bbsidebar-1&#8243;][vc_column][\/vc_column][\/mk_page_section][mk_page_section sidebar=\u00bbsidebar-1&#8243;][vc_column][mk_padding_divider size=\u00bb20&#8243;][vc_column_text] Servicio Tiempo Real [\/vc_column_text][vc_separator color=\u00bbcustom\u00bb border_width=\u00bb2&#8243; accent_color=\u00bb#82970d\u00bb][vc_column_text]Para utilizar los servicios de la REGNA-ROU en tiempo real acceder mediante: Direcci\u00f3n: rtk.igm.gub.uy Puerto: 2101 Para hacer uso de este servicio, el usuario se debe registrar en el siguiente [&hellip;]<\/p>\n","protected":false},"author":5,"featured_media":0,"parent":0,"menu_order":0,"comment_status":"closed","ping_status":"closed","template":"","meta":{"footnotes":""},"class_list":["post-386","page","type-page","status-publish","hentry"],"_links":{"self":[{"href":"https:\/\/igm.gub.uy\/geoportal\/wp-json\/wp\/v2\/pages\/386","targetHints":{"allow":["GET"]}}],"collection":[{"href":"https:\/\/igm.gub.uy\/geoportal\/wp-json\/wp\/v2\/pages"}],"about":[{"href":"https:\/\/igm.gub.uy\/geoportal\/wp-json\/wp\/v2\/types\/page"}],"author":[{"embeddable":true,"href":"https:\/\/igm.gub.uy\/geoportal\/wp-json\/wp\/v2\/users\/5"}],"replies":[{"embeddable":true,"href":"https:\/\/igm.gub.uy\/geoportal\/wp-json\/wp\/v2\/comments?post=386"}],"version-history":[{"count":13,"href":"https:\/\/igm.gub.uy\/geoportal\/wp-json\/wp\/v2\/pages\/386\/revisions"}],"predecessor-version":[{"id":2196,"href":"https:\/\/igm.gub.uy\/geoportal\/wp-json\/wp\/v2\/pages\/386\/revisions\/2196"}],"wp:attachment":[{"href":"https:\/\/igm.gub.uy\/geoportal\/wp-json\/wp\/v2\/media?parent=386"}],"curies":[{"name":"wp","href":"https:\/\/api.w.org\/{rel}","templated":true}]}}