{"id":730,"date":"2017-09-19T11:01:11","date_gmt":"2017-09-19T11:01:11","guid":{"rendered":"http:\/\/www.sgm.gub.uy\/geoportal\/?page_id=730"},"modified":"2020-03-06T11:01:17","modified_gmt":"2020-03-06T14:01:17","slug":"informacion-gral-estaciones","status":"publish","type":"page","link":"https:\/\/igm.gub.uy\/geoportal\/informacion-gral-estaciones\/","title":{"rendered":"Informaci\u00f3n Gral. Estaciones"},"content":{"rendered":"[mk_page_section bg_color=\u00bb#82970d\u00bb bg_repeat=\u00bbno-repeat\u00bb bg_stretch=\u00bbtrue\u00bb video_loop=\u00bbfalse\u00bb video_color_mask=\u00bb#ffffff\u00bb video_opacity=\u00bb0&#8243; min_height=\u00bb70&#8243; padding_top=\u00bb0&#8243; padding_bottom=\u00bb0&#8243; top_shape_color=\u00bb#ffffff\u00bb top_shape_bg_color=\u00bb#ffffff\u00bb has_bottom_shape_divider=\u00bbtrue\u00bb bottom_shape_style=\u00bbspeech-bottom\u00bb bottom_shape_color=\u00bb#ffffff\u00bb bottom_shape_bg_color=\u00bb#82970d\u00bb sidebar=\u00bbsidebar-1&#8243;][vc_column][\/vc_column][\/mk_page_section][mk_page_section sidebar=\u00bbsidebar-1&#8243;][vc_column][mk_padding_divider size=\u00bb25&#8243;][vc_column_text]\n<h2>Funcionamiento de la tecnolog\u00eda VRS<\/h2>\n[\/vc_column_text][vc_separator color=\u00bbcustom\u00bb border_width=\u00bb2&#8243; accent_color=\u00bb#82970d\u00bb][vc_column_text]\n[\/vc_column_text][mk_padding_divider size=\u00bb60&#8243;][vc_column_text]\n<p style=\"text-align: justif\">El Servidor del IGM recibe los datos de todas las estaciones de referencia para crear un modelizado de la zona eliminando errores sistem\u00e1ticos, (ionosf\u00e9ricos, troposf\u00e9ricos, etc.) creando adem\u00e1s un an\u00e1lisis multipath en tiempo real de cada una de las estaciones de referencia.<\/p>\n[\/vc_column_text][mk_padding_divider size=\u00bb20&#8243;][\/vc_column][\/mk_page_section][vc_row][vc_column width=\u00bb1\/3&#8243;][mk_padding_divider size=\u00bb80&#8243;][vc_column_text]\n<p style=\"text-align: justif\">\nEl Usuario de la REGNA-ROU env\u00eda su posici\u00f3n aproximada con su receptor m\u00f3vil al Servidor del IGM mediante un mensaje GGA, el cual est\u00e1 disponible en la mayor\u00eda de los receptores del mercado. Esta operaci\u00f3n se realiza utilizando un tipo de comunicaci\u00f3n bidireccional, por ejemplo, Internet a trav\u00e9s de GPRS.<\/p>\n[\/vc_column_text][\/vc_column][vc_column width=\u00bb1\/3&#8243;][vc_single_image image=\u00bb738&#8243; img_size=\u00bb700&#215;700&#8243; alignment=\u00bbcenter\u00bb][\/vc_column][vc_column width=\u00bb1\/3&#8243;][mk_padding_divider size=\u00bb80&#8243;][vc_column_text]\n<p style=\"text-align: justif\">\nEl Servidor del IGM acepta la posici\u00f3n y responde enviando correcciones RTCM al receptor m\u00f3vil. Tan pronto como se reciben, el receptor m\u00f3vil calcula una posici\u00f3n DGPS de calidad que servir\u00e1 para actualizar su posici\u00f3n y enviarla de nuevo al Servidor del IGM. Esta posici\u00f3n tiene una precisi\u00f3n de menos de 1 m lo que asegura que las distorsiones sean pr\u00e1cticamente iguales.<\/p>\n[\/vc_column_text][\/vc_column][\/vc_row][vc_row][vc_column][mk_padding_divider][vc_column_text]\n<p style=\"text-align: justif\">Esta t\u00e9cnica de creaci\u00f3n de datos de estaciones de referencia invisibles o \u00abvirtuales\u201d, es lo que da el nombre al concepto de Estaci\u00f3n de Referencia Virtual (VRS). Utilizando esta t\u00e9cnica es posible alcanzar un rendimiento de hasta  1 cm en mediciones RTK dentro de la red.<br \/>\nLa precisi\u00f3n horizontal es de 1 a 2 cm. con equipos doble frecuencia con seguimiento de fase (Geod\u00e9sicos y Topogr\u00e1ficos) en cualquier punto del interior de la red y en un contorno aproximado de un 10-15 Km. alrededor de la red cuando las distancias entre las estaciones de referencia son de 50 a 70 km.<br \/>\nLa precisi\u00f3n horizontal con equipos monofrecuencia de c\u00f3digo (Mapping y equipos de navegaci\u00f3n) es subm\u00e9trica (+\/- 1 m. dependiendo de la calidad del receptor) en cualquier punto de la red y en un contorno aproximado de 50 Km. alrededor de la red.<\/p>\n[\/vc_column_text][\/vc_column][\/vc_row]\n","protected":false},"excerpt":{"rendered":"<p>[mk_page_section bg_color=\u00bb#82970d\u00bb bg_repeat=\u00bbno-repeat\u00bb bg_stretch=\u00bbtrue\u00bb video_loop=\u00bbfalse\u00bb video_color_mask=\u00bb#ffffff\u00bb video_opacity=\u00bb0&#8243; min_height=\u00bb70&#8243; padding_top=\u00bb0&#8243; padding_bottom=\u00bb0&#8243; top_shape_color=\u00bb#ffffff\u00bb top_shape_bg_color=\u00bb#ffffff\u00bb has_bottom_shape_divider=\u00bbtrue\u00bb bottom_shape_style=\u00bbspeech-bottom\u00bb bottom_shape_color=\u00bb#ffffff\u00bb bottom_shape_bg_color=\u00bb#82970d\u00bb sidebar=\u00bbsidebar-1&#8243;][vc_column][\/vc_column][\/mk_page_section][mk_page_section sidebar=\u00bbsidebar-1&#8243;][vc_column][mk_padding_divider size=\u00bb25&#8243;][vc_column_text] Funcionamiento de la tecnolog\u00eda VRS [\/vc_column_text][vc_separator color=\u00bbcustom\u00bb border_width=\u00bb2&#8243; accent_color=\u00bb#82970d\u00bb][vc_column_text] [\/vc_column_text][mk_padding_divider size=\u00bb60&#8243;][vc_column_text] El Servidor del IGM recibe los datos de todas las estaciones de referencia para crear un modelizado de la zona eliminando errores sistem\u00e1ticos, (ionosf\u00e9ricos, troposf\u00e9ricos, [&hellip;]<\/p>\n","protected":false},"author":5,"featured_media":0,"parent":0,"menu_order":0,"comment_status":"closed","ping_status":"closed","template":"","meta":{"footnotes":""},"class_list":["post-730","page","type-page","status-publish","hentry"],"_links":{"self":[{"href":"https:\/\/igm.gub.uy\/geoportal\/wp-json\/wp\/v2\/pages\/730","targetHints":{"allow":["GET"]}}],"collection":[{"href":"https:\/\/igm.gub.uy\/geoportal\/wp-json\/wp\/v2\/pages"}],"about":[{"href":"https:\/\/igm.gub.uy\/geoportal\/wp-json\/wp\/v2\/types\/page"}],"author":[{"embeddable":true,"href":"https:\/\/igm.gub.uy\/geoportal\/wp-json\/wp\/v2\/users\/5"}],"replies":[{"embeddable":true,"href":"https:\/\/igm.gub.uy\/geoportal\/wp-json\/wp\/v2\/comments?post=730"}],"version-history":[{"count":35,"href":"https:\/\/igm.gub.uy\/geoportal\/wp-json\/wp\/v2\/pages\/730\/revisions"}],"predecessor-version":[{"id":1227,"href":"https:\/\/igm.gub.uy\/geoportal\/wp-json\/wp\/v2\/pages\/730\/revisions\/1227"}],"wp:attachment":[{"href":"https:\/\/igm.gub.uy\/geoportal\/wp-json\/wp\/v2\/media?parent=730"}],"curies":[{"name":"wp","href":"https:\/\/api.w.org\/{rel}","templated":true}]}}