{"id":900,"date":"2019-01-25T14:16:48","date_gmt":"2019-01-25T17:16:48","guid":{"rendered":"http:\/\/www.igm.gub.uy\/geoportal\/?page_id=900"},"modified":"2020-12-02T11:17:36","modified_gmt":"2020-12-02T14:17:36","slug":"cobertura-nacional-vectorial-wfs","status":"publish","type":"page","link":"https:\/\/igm.gub.uy\/geoportal\/cobertura-nacional-vectorial-wfs\/","title":{"rendered":"Cobertura Nacional Vectorial WFS"},"content":{"rendered":"[mk_page_section bg_color=\u00bb#82970d\u00bb bg_repeat=\u00bbno-repeat\u00bb bg_stretch=\u00bbtrue\u00bb video_loop=\u00bbfalse\u00bb video_color_mask=\u00bb#ffffff\u00bb video_opacity=\u00bb0&#8243; min_height=\u00bb70&#8243; padding_top=\u00bb0&#8243; padding_bottom=\u00bb0&#8243; top_shape_color=\u00bb#ffffff\u00bb top_shape_bg_color=\u00bb#ffffff\u00bb has_bottom_shape_divider=\u00bbtrue\u00bb bottom_shape_style=\u00bbspeech-bottom\u00bb bottom_shape_color=\u00bb#ffffff\u00bb bottom_shape_bg_color=\u00bb#82970d\u00bb sidebar=\u00bbsidebar-1&#8243;][vc_column][\/vc_column][\/mk_page_section][mk_page_section sidebar=\u00bbsidebar-1&#8243;][vc_column][mk_padding_divider size=\u00bb20&#8243;][vc_column_text]\n<h2>Cobertura Nacional Vectorial wfs<\/h2>\n[\/vc_column_text][vc_separator color=\u00bbcustom\u00bb border_width=\u00bb2&#8243; accent_color=\u00bb#82970d\u00bb][mk_padding_divider size=\u00bb10&#8243;][vc_column_text]\n<ul style=\"color:OliveDrab;\">\n<i><b>Nota Importante:<\/b><\/p>\n<li>Para Arcgis se requiere extensi\u00f3n Data Interoperability.<\/li>\n<li>Para Qgis utilizar versi\u00f3n 3.6.3 \u00f3 superior.<\/li>\n<li>Para Qgis seleccionar en Opciones de WFS: \u00abversion 2.0\u00bb e \u00abinvertir la orientaci\u00f3n de los ejes\u00bb.<\/li>\n<p><\/i><i><\/i><i><\/i><i><\/i><i><\/i><\/ul>\n<div id=\"footable_parent_903\"\n         class=\" footable_parent ninja_table_wrapper loading_ninja_table wp_table_data_press_parent semantic_ui \">\n                <table data-ninja_table_instance=\"ninja_table_instance_0\" data-footable_id=\"903\" data-filter-delay=\"1000\" aria-label=\"CoberturaNacionalVectorialWFS\"            id=\"footable_903\"\n           data-unique_identifier=\"ninja_table_unique_id_423993935_903\"\n           class=\" foo-table ninja_footable foo_table_903 ninja_table_unique_id_423993935_903 ui table  nt_type_ajax_table selectable striped vertical_centered  footable-paging-right\">\n                <colgroup>\n                            <col class=\"ninja_column_0 \">\n                            <col class=\"ninja_column_1 \">\n                            <col class=\"ninja_column_2 \">\n                            <col class=\"ninja_column_3 \">\n                    <\/colgroup>\n            <\/table>\n    \n    \n    \n<\/div>\n\n[\/vc_column_text][vc_separator color=\u00bbcustom\u00bb border_width=\u00bb2&#8243; accent_color=\u00bb#ffffff\u00bb][mk_padding_divider size=\u00bb10&#8243;][vc_column_text]\n","protected":false},"excerpt":{"rendered":"<p>[mk_page_section bg_color=\u00bb#82970d\u00bb bg_repeat=\u00bbno-repeat\u00bb bg_stretch=\u00bbtrue\u00bb video_loop=\u00bbfalse\u00bb video_color_mask=\u00bb#ffffff\u00bb video_opacity=\u00bb0&#8243; min_height=\u00bb70&#8243; padding_top=\u00bb0&#8243; padding_bottom=\u00bb0&#8243; top_shape_color=\u00bb#ffffff\u00bb top_shape_bg_color=\u00bb#ffffff\u00bb has_bottom_shape_divider=\u00bbtrue\u00bb bottom_shape_style=\u00bbspeech-bottom\u00bb bottom_shape_color=\u00bb#ffffff\u00bb bottom_shape_bg_color=\u00bb#82970d\u00bb sidebar=\u00bbsidebar-1&#8243;][vc_column][\/vc_column][\/mk_page_section][mk_page_section sidebar=\u00bbsidebar-1&#8243;][vc_column][mk_padding_divider size=\u00bb20&#8243;][vc_column_text] Cobertura Nacional Vectorial wfs [\/vc_column_text][vc_separator color=\u00bbcustom\u00bb border_width=\u00bb2&#8243; accent_color=\u00bb#82970d\u00bb][mk_padding_divider size=\u00bb10&#8243;][vc_column_text] Nota Importante: Para Arcgis se requiere extensi\u00f3n Data Interoperability. Para Qgis utilizar versi\u00f3n 3.6.3 \u00f3 superior. Para Qgis seleccionar en Opciones de WFS: \u00abversion 2.0\u00bb e \u00abinvertir [&hellip;]<\/p>\n","protected":false},"author":5,"featured_media":0,"parent":0,"menu_order":0,"comment_status":"closed","ping_status":"closed","template":"","meta":{"footnotes":""},"class_list":["post-900","page","type-page","status-publish","hentry"],"_links":{"self":[{"href":"https:\/\/igm.gub.uy\/geoportal\/wp-json\/wp\/v2\/pages\/900","targetHints":{"allow":["GET"]}}],"collection":[{"href":"https:\/\/igm.gub.uy\/geoportal\/wp-json\/wp\/v2\/pages"}],"about":[{"href":"https:\/\/igm.gub.uy\/geoportal\/wp-json\/wp\/v2\/types\/page"}],"author":[{"embeddable":true,"href":"https:\/\/igm.gub.uy\/geoportal\/wp-json\/wp\/v2\/users\/5"}],"replies":[{"embeddable":true,"href":"https:\/\/igm.gub.uy\/geoportal\/wp-json\/wp\/v2\/comments?post=900"}],"version-history":[{"count":33,"href":"https:\/\/igm.gub.uy\/geoportal\/wp-json\/wp\/v2\/pages\/900\/revisions"}],"predecessor-version":[{"id":1787,"href":"https:\/\/igm.gub.uy\/geoportal\/wp-json\/wp\/v2\/pages\/900\/revisions\/1787"}],"wp:attachment":[{"href":"https:\/\/igm.gub.uy\/geoportal\/wp-json\/wp\/v2\/media?parent=900"}],"curies":[{"name":"wp","href":"https:\/\/api.w.org\/{rel}","templated":true}]}}